{"id":5,"date":"2014-09-01T23:04:51","date_gmt":"2014-09-01T21:04:51","guid":{"rendered":"http:\/\/www.nazor.org\/?page_id=5"},"modified":"2021-05-07T19:35:03","modified_gmt":"2021-05-07T17:35:03","slug":"demokracie","status":"publish","type":"page","link":"https:\/\/www.nazor.org\/","title":{"rendered":"Demokracie"},"content":{"rendered":"<blockquote><p><strong>Demokratick\u00e9 z\u0159\u00edzen\u00ed doplat\u00ed na to, \u017ee bude cht\u00edt vyhov\u011bt v\u0161em. Chud\u00ed budou cht\u00edt pr\u00e1va bohat\u00fdch a demokracie jim to d\u00e1. Mlad\u00ed budou cht\u00edt pr\u00e1va star\u00fdch, \u017eeny budou cht\u00edt pr\u00e1va mu\u017e\u016f, cizinci pr\u00e1va ob\u010dan\u016f a demokracie jim to d\u00e1. Zlo\u010dinci budou cht\u00edt obsadit ve\u0159ejn\u00e9 funkce a demokracie jim to d\u00e1. A a\u017e zlo\u010dinci demokracii nakonec ovl\u00e1dnou, proto\u017ee zlo\u010dinci od p\u0159\u00edrody t\u00edhnou po pozic\u00edch moci, vznikne tyranie hor\u0161\u00ed, ne\u017e dovede nejhor\u0161\u00ed monarchie anebo oligarchie.<\/strong><\/p><\/blockquote>\n<p><em>S\u00f3krat\u00e9s (4.6.469 p\u0159.n.l &#8211; 399 p\u0159.n.l.)<\/em><\/p>\n<p><strong>\u00a0 \u00a0Pozn\u00e1te pravdu, a pravda V\u00e1s u\u010din\u00ed svobodn\u00fdmi.<\/strong><\/p>\n<p><em>Je\u017e\u00ed\u0161 Kristus (Bible, Jan 8-32, r.33 n.l.)<\/em><\/p>\n<p><strong>\u00a0 \u00a0Z hlediska vy\u0161\u0161\u00edho principu mravn\u00edho&#8230; v\u00e1m mohu \u0159\u00edci jenom jedno: vra\u017eda na tyranu nen\u00ed zlo\u010dinem!<\/strong><\/p>\n<p><em>Jan Drda (N\u011bm\u00e1 barik\u00e1da &#8211; Vy\u0161\u0161\u00ed princip 1946)<\/em><\/p>\n<p><strong>\u00a0 \u00a0 Nikdy nev\u011b\u0159 tomu, \u017ee v\u00e1lka jakkoliv nutn\u00e1 a ospravedlniteln\u00e1, nen\u00ed zlo\u010din.<\/strong><\/p>\n<p><em>Ernst Hemingway<\/em><\/p>\n<p><strong>\u00a0\u00a0\u00a0 Pr\u00e1vo t\u011blesn\u00e9ho trestu dan\u00e9 jednomu nad druh\u00fdm je jedn\u00edm z v\u0159ed\u016f spole\u010dnosti, jedn\u00edm z nejmocn\u011bj\u0161\u00edch prost\u0159edk\u016f, jimi\u017e v n\u00ed lze zni\u010dit ka\u017ed\u00fd z\u00e1rodek, ka\u017ed\u00fd\u00a0\u00a0\u00a0\u00a0\u00a0\u00a0 pokus o dosa\u017een\u00ed lidsk\u00fdch pr\u00e1v a je jistou p\u0159\u00ed\u010dinou jej\u00edho nevyhnuteln\u00e9ho a neodvratiteln\u00e9ho rozkladu.<\/strong><\/p>\n<p><em>Ernst Hemingway<\/em><\/p>\n<p><strong>\u00a0\u00a0\u00a0 V\u011b\u0159\u00edm, \u017ee v\u0161ichni ti, kte\u0159\u00ed t\u011b\u017e\u00ed z v\u00e1lky a p\u0159isp\u00edvaj\u00ed k jej\u00edmu vzniku, by m\u011bli b\u00fdt zast\u0159eleni hned prvn\u00ed den ob\u010dany sv\u00e9 zem\u011b.<\/strong><\/p>\n<p><em>Ernst Hemingway<\/em><\/p>\n<p><strong>\u00a0\u00a0\u00a0\u00a0Ka\u017ed\u00e1 revoluce kon\u010d\u00ed t\u00edm, kdy\u017e se nov\u00e1 prasata dostanou ke koryt\u016fm.<\/strong><\/p>\n<p><em>George Orwell (Farma zv\u00ed\u0159at)<\/em><\/p>\n<p><strong>\u00a0\u00a0\u00a0 Kdo ovl\u00e1d\u00e1 minulost, ovl\u00e1d\u00e1 budoucnost. Kdo ovl\u00e1d\u00e1 p\u0159\u00edtomnost, ovl\u00e1d\u00e1 minulost.<\/strong><\/p>\n<p><em>George Orwell (1984)<\/em><\/p>\n<p><strong>\u00a0\u00a0\u00a0 V\u00e1lka je m\u00edr, svoboda je otroctv\u00ed, nev\u011bdomost je s\u00edla!<\/strong><\/p>\n<p><em>George Orwell (1984)<\/em><\/p>\n<p><em>\u00a0\u00a0\u00a0 <\/em><strong>\u017durnalistika znamen\u00e1 oti\u0161t\u011bn\u00ed toho, co si n\u011bkdo jin\u00fd nep\u0159eje vid\u011bt oti\u0161t\u011bn\u00e9. V\u0161echno ostatn\u00ed je public relations.<\/strong><\/p>\n<p><em>George Orwell<\/em><\/p>\n<p><strong>\u00a0\u00a0\u00a0 Nejrychlej\u0161\u00ed cesta, jak ukon\u010dit v\u00e1lku, je prohr\u00e1t ji.<\/strong><\/p>\n<p><em>George Orwell<\/em><\/p>\n<p><strong>\u00a0\u00a0\u00a0 Mnoz\u00ed z t\u011bch, co \u017eij\u00ed, by zasluhovali smrt. A mnoz\u00ed z t\u011bch, co zem\u0159eli, by si zaslou\u017eili \u017e\u00edt.<\/strong><\/p>\n<p><em>J.R.R.Tolkien (P\u00e1n Prsten\u016f, Spole\u010denstvo Prstenu)<\/em><\/p>\n","protected":false},"excerpt":{"rendered":"<p>Demokratick\u00e9 z\u0159\u00edzen\u00ed doplat\u00ed na to, \u017ee bude cht\u00edt vyhov\u011bt v\u0161em. Chud\u00ed budou cht\u00edt pr\u00e1va bohat\u00fdch a demokracie jim to d\u00e1. Mlad\u00ed budou cht\u00edt pr\u00e1va star\u00fdch, \u017eeny budou cht\u00edt pr\u00e1va mu\u017e\u016f, cizinci pr\u00e1va ob\u010dan\u016f a demokracie jim to d\u00e1. Zlo\u010dinci budou&hellip;<\/p>\n<p class=\"more-link-p\"><a class=\"more-link\" href=\"https:\/\/www.nazor.org\/\">Read more &rarr;<\/a><\/p>\n","protected":false},"author":1,"featured_media":0,"parent":0,"menu_order":0,"comment_status":"open","ping_status":"open","template":"","meta":{"footnotes":""},"class_list":["post-5","page","type-page","status-publish","hentry"],"_links":{"self":[{"href":"https:\/\/www.nazor.org\/index.php?rest_route=\/wp\/v2\/pages\/5","targetHints":{"allow":["GET"]}}],"collection":[{"href":"https:\/\/www.nazor.org\/index.php?rest_route=\/wp\/v2\/pages"}],"about":[{"href":"https:\/\/www.nazor.org\/index.php?rest_route=\/wp\/v2\/types\/page"}],"author":[{"embeddable":true,"href":"https:\/\/www.nazor.org\/index.php?rest_route=\/wp\/v2\/users\/1"}],"replies":[{"embeddable":true,"href":"https:\/\/www.nazor.org\/index.php?rest_route=%2Fwp%2Fv2%2Fcomments&post=5"}],"version-history":[{"count":5,"href":"https:\/\/www.nazor.org\/index.php?rest_route=\/wp\/v2\/pages\/5\/revisions"}],"predecessor-version":[{"id":1010,"href":"https:\/\/www.nazor.org\/index.php?rest_route=\/wp\/v2\/pages\/5\/revisions\/1010"}],"wp:attachment":[{"href":"https:\/\/www.nazor.org\/index.php?rest_route=%2Fwp%2Fv2%2Fmedia&parent=5"}],"curies":[{"name":"wp","href":"https:\/\/api.w.org\/{rel}","templated":true}]}}