{"id":274,"date":"2015-03-24T11:47:54","date_gmt":"2015-03-24T10:47:54","guid":{"rendered":"http:\/\/www.nazor.org\/?page_id=274"},"modified":"2015-03-24T12:29:46","modified_gmt":"2015-03-24T11:29:46","slug":"valka","status":"publish","type":"page","link":"https:\/\/www.nazor.org\/?page_id=274","title":{"rendered":"V\u00e1lka"},"content":{"rendered":"<p>Obsa\u017een\u00e9 p\u0159\u00edsp\u011bvky by m\u011bli dokladovat zbyte\u010dnost v\u00e1lky a snahy nas do n\u00ed v\u00e9st.<\/p>\n<p>Asi stoj\u00ed za \u00favahu ji\u017e n\u011bkolik jasn\u00fdch ukazatel\u016f jako je nap\u0159\u00edklad n\u00e1zev ministerstev, kter\u00e1 se v n\u011bkter\u00fdch st\u00e1tech zab\u00fdvaj\u00ed &#8222;arm\u00e1dou&#8220; &#8211; v\u011bt\u0161inou je to jen kryt\u00ed, proto\u017ee jejich z\u00e1b\u011br je mnohem \u0161ir\u0161\u00ed a obsahuje mnoho nehezk\u00fdch jev\u016f. Prvn\u00ed a nejv\u011bt\u0161\u00ed indici\u00ed je u\u017e s\u00e1m n\u00e1zev &#8222;ministerstvo v\u00e1lky&#8220; &#8211; podle m\u00e9ho m\u00edn\u011bn\u00ed jasn\u011b dokl\u00e1d\u00e1 touhu zem\u011b po poko\u0159en\u00ed ostatn\u00edch. Mnoho zem\u00ed si samoz\u0159ejm\u011b uv\u011bdomilo jek je to do o\u010d\u00ed bij\u00edc\u00ed, a proto provedlo p\u0159ejmenov\u00e1n\u00ed (nicm\u00e9n\u011b star\u00e9ho psa nov\u00fd kousk\u016fm nenau\u010d\u00ed\u0161).<\/p>\n<p>Dal\u0161\u00ed jasnou indici\u00ed hnusu, ze kter\u00e9ho v\u00e1lky vzch\u00e1zej\u00ed je, \u017ee po nich samoz\u0159ejm\u011b volaj\u00ed politici. Bohu\u017eel neexistuje \u017eadn\u00fd &#8222;politik&#8220;, kter\u00fd by byl norm\u00e1ln\u00ed. Naprosto ka\u017ed\u00fd, kdo se dere do &#8222;vrcholov\u00e9&#8220; politiky nen\u00ed norm\u00e1ln\u00ed po du\u0161evn\u00ed str\u00e1nce. Jak u\u017e napsal <a href=\"http:\/\/cs.wikipedia.org\/wiki\/Franti%C5%A1ek_Koukol%C3%ADk\" target=\"_blank\">MUDr.Franti\u0161ek Koukol\u00edk<\/a>, jedn\u00e1 se o deprivanty, kte\u0159\u00ed m\u011bli bu\u010f problematick\u00e9 d\u011btstv\u00ed nebo se tak u\u017e prost\u011b narodili. Vpodstat\u011b si cel\u00e1 tato skupina zaslou\u017e\u00ed na\u0161i l\u00edtost, ale nen\u00ed to d\u016fvod, abychom jim umo\u017e\u0148ovali n\u00e1m vl\u00e1dnout, nehled\u011b k tomu, \u017ee jsme si v\u0161ichni ji\u017e d\u00e1vno dok\u00e1zali, \u017ee naprosto nepot\u0159ebujeme vl\u00e1dy takov\u00e9ho typu. Co lid\u00e9 pot\u0159ebuj\u00ed, je samospr\u00e1va, na cenr\u00e1ln\u00ed \u00farove\u0148 v\u016fbec takov\u00e1 moc nepat\u0159\u00ed. D\u00e1t politik\u016fm moc je stejn\u00e9 jako vypustit zlo\u010dince z nej\u0159\u00edsn\u011bji st\u0159e\u017een\u00e9 v\u011bznice a vytvo\u0159it vl\u00e1du bez voleb z nich.<\/p>\n<p><a href=\"https:\/\/www.youtube.com\/watch?v=uX2dC3hSz94\">https:\/\/www.youtube.com\/watch?v=uX2dC3hSz94<\/a><\/p>\n<p>&nbsp;<\/p>\n","protected":false},"excerpt":{"rendered":"<p>Obsa\u017een\u00e9 p\u0159\u00edsp\u011bvky by m\u011bli dokladovat zbyte\u010dnost v\u00e1lky a snahy nas do n\u00ed v\u00e9st. Asi stoj\u00ed za \u00favahu ji\u017e n\u011bkolik jasn\u00fdch ukazatel\u016f jako je nap\u0159\u00edklad n\u00e1zev ministerstev, kter\u00e1 se v n\u011bkter\u00fdch st\u00e1tech zab\u00fdvaj\u00ed &#8222;arm\u00e1dou&#8220; &#8211; v\u011bt\u0161inou je to jen kryt\u00ed, proto\u017ee&hellip;<\/p>\n<p class=\"more-link-p\"><a class=\"more-link\" href=\"https:\/\/www.nazor.org\/?page_id=274\">Read more &rarr;<\/a><\/p>\n","protected":false},"author":1,"featured_media":0,"parent":0,"menu_order":0,"comment_status":"open","ping_status":"open","template":"","meta":{"footnotes":""},"class_list":["post-274","page","type-page","status-publish","hentry"],"_links":{"self":[{"href":"https:\/\/www.nazor.org\/index.php?rest_route=\/wp\/v2\/pages\/274","targetHints":{"allow":["GET"]}}],"collection":[{"href":"https:\/\/www.nazor.org\/index.php?rest_route=\/wp\/v2\/pages"}],"about":[{"href":"https:\/\/www.nazor.org\/index.php?rest_route=\/wp\/v2\/types\/page"}],"author":[{"embeddable":true,"href":"https:\/\/www.nazor.org\/index.php?rest_route=\/wp\/v2\/users\/1"}],"replies":[{"embeddable":true,"href":"https:\/\/www.nazor.org\/index.php?rest_route=%2Fwp%2Fv2%2Fcomments&post=274"}],"version-history":[{"count":4,"href":"https:\/\/www.nazor.org\/index.php?rest_route=\/wp\/v2\/pages\/274\/revisions"}],"predecessor-version":[{"id":280,"href":"https:\/\/www.nazor.org\/index.php?rest_route=\/wp\/v2\/pages\/274\/revisions\/280"}],"wp:attachment":[{"href":"https:\/\/www.nazor.org\/index.php?rest_route=%2Fwp%2Fv2%2Fmedia&parent=274"}],"curies":[{"name":"wp","href":"https:\/\/api.w.org\/{rel}","templated":true}]}}